{"id":22,"date":"2026-02-04T10:00:06","date_gmt":"2026-02-04T10:00:06","guid":{"rendered":"https:\/\/wp-demo.ai-translate.app\/sample-page\/"},"modified":"2026-02-04T11:13:25","modified_gmt":"2026-02-04T11:13:25","slug":"sample-page","status":"publish","type":"page","link":"https:\/\/wp-demo.ai-translate.app\/es\/sample-page\/","title":{"rendered":"Recomendaciones para la fertilizaci\u00f3n del almendro"},"content":{"rendered":"<p><strong>\u00c1rbol<\/strong>&nbsp;&#8211; \u00c1rbol de tama\u00f1o peque\u00f1o a mediano con una copa extendida y abierta, generalmente de 4-5 metros en huertos comerciales. El \u00e1rbol puede vivir hasta 50 a\u00f1os cuando se riega y de 20 a 25 a\u00f1os en huertos sin riego.<\/p>\n\n<p><strong>Las hojas<\/strong> son lineales o ligeramente ovadas, aproximadamente de 3 a 4 veces m\u00e1s largas que anchas, con puntas agudas y m\u00e1rgenes finamente aserrados. Las hojas miden de 7.5 a 12.5 cm de longitud, son ligeramente m\u00e1s peque\u00f1as y menos plegadas a lo largo de la nervadura central que las hojas de durazno.<\/p>\n\n<p><strong>Las flores<\/strong> se producen lateralmente en espuelas o ramas laterales cortas, o a veces lateralmente en brotes largos como en el duraznero, especialmente en \u00e1rboles j\u00f3venes. La floraci\u00f3n en espuelas basales de madera de 4-6 a\u00f1os disminuye gradualmente, ya que los terminales no logran desarrollarse cuando muchos frutos cuajan por espol\u00f3n; por lo tanto, las ramas m\u00e1s viejas dejan de ser productivas y se podan. Las yemas florales se identifican por su forma redondeada, mientras que las yemas vegetativas tienen una forma puntiaguda. La diferenciaci\u00f3n entre ambas se realiza durante el verano.<\/p>\n\n<p><strong>Ra\u00edz<\/strong>&nbsp;&#8211; Gran sistema radicular, una ra\u00edz principal y un sistema secundario horizontal que permanecer\u00e1 superficial en suelos pesados (60 cm) y ser\u00e1 m\u00e1s profundo en suelos ligeros. Las ra\u00edces del almendro son muy sensibles al encharcamiento.<\/p>\n\n<p><strong>Fruto<\/strong>&nbsp;&#8211; Una nuez. El fruto completo, incluida la c\u00e1scara exterior, es una drupa; sin embargo, la c\u00e1scara se seca y se abre antes de la cosecha, dejando al descubierto lo que parece ser el hueso del fruto. Bot\u00e1nicamente, este hueso con la semilla en su interior cumple con la definici\u00f3n de nuez (fruto seco, indehiscente y con una c\u00e1scara dura). La fructificaci\u00f3n comienza en \u00e1rboles de 3-4 a\u00f1os, con una producci\u00f3n m\u00e1xima entre los 6 y 10 a\u00f1os; los almendros pueden producir durante m\u00e1s de 50 a\u00f1os. No es necesario ralear, una mala cuaja se considera un 20%, una cuaja promedio entre 30-40% y una muy buena un 60% (afectada por el equilibrio interno de nutrientes); una alta proporci\u00f3n de flores debe cuajar para una producci\u00f3n normal. La cuaja del fruto no ocurrir\u00e1 a temperaturas por debajo de 12 \u00b0C ni con alta velocidad del viento.<\/p>\n\n<p>El crecimiento del fruto tiene dos etapas:<\/p>\n\n\n<ol class=\"wp-block-list\"><li>Crecimiento muy intenso que sigue a la fertilizaci\u00f3n de la flor (comienza 15-20 d\u00edas despu\u00e9s del pico de la floraci\u00f3n y contin\u00faa durante ocho semanas m\u00e1s).<\/li>\n\n<li>Detenci\u00f3n del crecimiento de la parte exterior y desarrollo intensivo de la semilla.<\/li><\/ol>\n\n\n<p>Las frutas pueden caerse por las siguientes razones:&nbsp;<\/p>\n\n\n<ul class=\"wp-block-list\"><li>Enfriamiento insuficiente: despertar desordenado y flores degeneradas.<\/li>\n\n<li>Da\u00f1os por heladas.<\/li>\n\n<li>Mal tiempo que interrumpe la polinizaci\u00f3n de insectos y abejas.<\/li><\/ul>\n","protected":false},"excerpt":{"rendered":"<p>\u00c1rbol&nbsp;&#8211; \u00c1rbol de tama\u00f1o peque\u00f1o a mediano con una copa extendida y abierta, generalmente de 4-5 metros en huertos comerciales. El \u00e1rbol puede vivir hasta 50 a\u00f1os cuando se riega y de 20 a 25 a\u00f1os en huertos sin riego. Las hojas son lineales o ligeramente ovadas, aproximadamente de 3 a 4 veces m\u00e1s largas [&hellip;]<\/p>\n","protected":false},"author":1,"featured_media":0,"parent":0,"menu_order":0,"comment_status":"closed","ping_status":"open","template":"","meta":{"_acf_changed":false,"footnotes":""},"class_list":["post-22","page","type-page","status-publish","hentry"],"acf":[],"_links":{"self":[{"href":"https:\/\/wp-demo.ai-translate.app\/es\/wp-json\/wp\/v2\/pages\/22","targetHints":{"allow":["GET"]}}],"collection":[{"href":"https:\/\/wp-demo.ai-translate.app\/es\/wp-json\/wp\/v2\/pages"}],"about":[{"href":"https:\/\/wp-demo.ai-translate.app\/es\/wp-json\/wp\/v2\/types\/page"}],"author":[{"embeddable":true,"href":"https:\/\/wp-demo.ai-translate.app\/es\/wp-json\/wp\/v2\/users\/1"}],"replies":[{"embeddable":true,"href":"https:\/\/wp-demo.ai-translate.app\/es\/wp-json\/wp\/v2\/comments?post=22"}],"version-history":[{"count":1,"href":"https:\/\/wp-demo.ai-translate.app\/es\/wp-json\/wp\/v2\/pages\/22\/revisions"}],"predecessor-version":[{"id":23,"href":"https:\/\/wp-demo.ai-translate.app\/es\/wp-json\/wp\/v2\/pages\/22\/revisions\/23"}],"wp:attachment":[{"href":"https:\/\/wp-demo.ai-translate.app\/es\/wp-json\/wp\/v2\/media?parent=22"}],"curies":[{"name":"wp","href":"https:\/\/api.w.org\/{rel}","templated":true}]}}